{"id":1200,"date":"2012-11-24T10:23:22","date_gmt":"2012-11-24T10:23:22","guid":{"rendered":"http:\/\/www.legrandmeaulnes.fr\/?page_id=1200"},"modified":"2024-10-09T07:37:06","modified_gmt":"2024-10-09T07:37:06","slug":"clubs","status":"publish","type":"page","link":"https:\/\/www.legrandmeaulnes.fr\/?page_id=1200","title":{"rendered":"Clubs"},"content":{"rendered":"\n<p><strong>Les clubs du coll\u00e8ge pour l&#8217;ann\u00e9e scolaire 2024-2025 de 12h15 \u00e0 12h54<\/strong><\/p>\n\n\n\n<p>Cette ann\u00e9e plusieurs ateliers sont propos\u00e9s aux \u00e9l\u00e8ves :<\/p>\n\n\n\n<ul>\n<li>Chorale<\/li>\n\n\n\n<li>Atelier musique<\/li>\n\n\n\n<li>Atelier S.H.I.N.E.<\/li>\n\n\n\n<li>Atelier couture<\/li>\n\n\n\n<li>Egali-team<\/li>\n<\/ul>\n\n\n\n<figure class=\"wp-block-gallery has-nested-images columns-default is-cropped wp-block-gallery-1 is-layout-flex wp-block-gallery-is-layout-flex\"><\/figure>\n","protected":false},"excerpt":{"rendered":"<p>Les clubs du coll\u00e8ge pour l&#8217;ann\u00e9e scolaire 2024-2025 de 12h15 \u00e0 12h54 Cette ann\u00e9e plusieurs<\/p>\n","protected":false},"author":9,"featured_media":0,"parent":63,"menu_order":8,"comment_status":"closed","ping_status":"closed","template":"","meta":{"footnotes":""},"_links":{"self":[{"href":"https:\/\/www.legrandmeaulnes.fr\/index.php?rest_route=\/wp\/v2\/pages\/1200"}],"collection":[{"href":"https:\/\/www.legrandmeaulnes.fr\/index.php?rest_route=\/wp\/v2\/pages"}],"about":[{"href":"https:\/\/www.legrandmeaulnes.fr\/index.php?rest_route=\/wp\/v2\/types\/page"}],"author":[{"embeddable":true,"href":"https:\/\/www.legrandmeaulnes.fr\/index.php?rest_route=\/wp\/v2\/users\/9"}],"replies":[{"embeddable":true,"href":"https:\/\/www.legrandmeaulnes.fr\/index.php?rest_route=%2Fwp%2Fv2%2Fcomments&post=1200"}],"version-history":[{"count":19,"href":"https:\/\/www.legrandmeaulnes.fr\/index.php?rest_route=\/wp\/v2\/pages\/1200\/revisions"}],"predecessor-version":[{"id":6232,"href":"https:\/\/www.legrandmeaulnes.fr\/index.php?rest_route=\/wp\/v2\/pages\/1200\/revisions\/6232"}],"up":[{"embeddable":true,"href":"https:\/\/www.legrandmeaulnes.fr\/index.php?rest_route=\/wp\/v2\/pages\/63"}],"wp:attachment":[{"href":"https:\/\/www.legrandmeaulnes.fr\/index.php?rest_route=%2Fwp%2Fv2%2Fmedia&parent=1200"}],"curies":[{"name":"wp","href":"https:\/\/api.w.org\/{rel}","templated":true}]}}