{"id":3101,"date":"2015-01-03T15:53:48","date_gmt":"2015-01-03T15:53:48","guid":{"rendered":"http:\/\/www.legrandmeaulnes.fr\/?page_id=3101"},"modified":"2015-01-03T16:16:56","modified_gmt":"2015-01-03T16:16:56","slug":"guerre-dalgerie-partager-les-memoires","status":"publish","type":"page","link":"https:\/\/www.legrandmeaulnes.fr\/?page_id=3101","title":{"rendered":"Accueil d&#8217; Honorine Bourlieux"},"content":{"rendered":"<p>Mardi 9 d\u00e9cembre. Honorine Bourlieux, n\u00e9e en 1921, arrive \u00e0 petits pas pour conter son soleil d&#8217;Alg\u00e9rie&#8230;<\/p>\n<p><a href=\"http:\/\/www.legrandmeaulnes.fr\/wp-content\/uploads\/2014\/12\/GPHonorine1.jpg\"><img decoding=\"async\" loading=\"lazy\" class=\"aligncenter size-medium wp-image-3091\" src=\"http:\/\/www.legrandmeaulnes.fr\/wp-content\/uploads\/2014\/12\/GPHonorine1-168x300.jpg\" alt=\"GPHonorine\" width=\"168\" height=\"300\" srcset=\"https:\/\/www.legrandmeaulnes.fr\/wp-content\/uploads\/2014\/12\/GPHonorine1-168x300.jpg 168w, https:\/\/www.legrandmeaulnes.fr\/wp-content\/uploads\/2014\/12\/GPHonorine1-575x1024.jpg 575w, https:\/\/www.legrandmeaulnes.fr\/wp-content\/uploads\/2014\/12\/GPHonorine1.jpg 600w\" sizes=\"(max-width: 168px) 100vw, 168px\" \/><\/a>Raconter l&#8217;\u00e9coli\u00e8re<\/p>\n<p><a href=\"http:\/\/www.legrandmeaulnes.fr\/wp-content\/uploads\/2014\/12\/Ecoli\u00e8re.jpg\"><img decoding=\"async\" loading=\"lazy\" class=\"aligncenter size-medium wp-image-3092\" src=\"http:\/\/www.legrandmeaulnes.fr\/wp-content\/uploads\/2014\/12\/Ecoli\u00e8re-188x300.jpg\" alt=\"Ecoli\u00e8re\" width=\"188\" height=\"300\" srcset=\"https:\/\/www.legrandmeaulnes.fr\/wp-content\/uploads\/2014\/12\/Ecoli\u00e8re-188x300.jpg 188w, https:\/\/www.legrandmeaulnes.fr\/wp-content\/uploads\/2014\/12\/Ecoli\u00e8re-643x1024.jpg 643w, https:\/\/www.legrandmeaulnes.fr\/wp-content\/uploads\/2014\/12\/Ecoli\u00e8re.jpg 1047w\" sizes=\"(max-width: 188px) 100vw, 188px\" \/><\/a>Raconter la fille de viticulteur pied-noir<\/p>\n<p><a href=\"http:\/\/www.legrandmeaulnes.fr\/wp-content\/uploads\/2014\/12\/ConstructionCave.jpg\"><img decoding=\"async\" loading=\"lazy\" class=\"aligncenter size-medium wp-image-3093\" src=\"http:\/\/www.legrandmeaulnes.fr\/wp-content\/uploads\/2014\/12\/ConstructionCave-300x213.jpg\" alt=\"ConstructionCave\" width=\"300\" height=\"213\" srcset=\"https:\/\/www.legrandmeaulnes.fr\/wp-content\/uploads\/2014\/12\/ConstructionCave-300x213.jpg 300w, https:\/\/www.legrandmeaulnes.fr\/wp-content\/uploads\/2014\/12\/ConstructionCave-1280x911.jpg 1280w, https:\/\/www.legrandmeaulnes.fr\/wp-content\/uploads\/2014\/12\/ConstructionCave-421x300.jpg 421w\" sizes=\"(max-width: 300px) 100vw, 300px\" \/><\/a>Raconter une proximit\u00e9 entre Alg\u00e9riens et Fran\u00e7ais bient\u00f4t mise \u00e0 mal<\/p>\n<p><a href=\"http:\/\/www.legrandmeaulnes.fr\/wp-content\/uploads\/2014\/12\/m\u00e9choui.jpg\"><img decoding=\"async\" loading=\"lazy\" class=\"aligncenter size-medium wp-image-3094\" src=\"http:\/\/www.legrandmeaulnes.fr\/wp-content\/uploads\/2014\/12\/m\u00e9choui-300x205.jpg\" alt=\"m\u00e9choui\" width=\"300\" height=\"205\" srcset=\"https:\/\/www.legrandmeaulnes.fr\/wp-content\/uploads\/2014\/12\/m\u00e9choui-300x205.jpg 300w, https:\/\/www.legrandmeaulnes.fr\/wp-content\/uploads\/2014\/12\/m\u00e9choui-1280x874.jpg 1280w, https:\/\/www.legrandmeaulnes.fr\/wp-content\/uploads\/2014\/12\/m\u00e9choui-438x300.jpg 438w, https:\/\/www.legrandmeaulnes.fr\/wp-content\/uploads\/2014\/12\/m\u00e9choui.jpg 1570w\" sizes=\"(max-width: 300px) 100vw, 300px\" \/><\/a>A nouveau pass\u00e9 et pr\u00e9sent se sont rejoints ce mardi soir au coll\u00e8ge Le Grand Meaulnes<\/p>\n<p><a href=\"http:\/\/www.legrandmeaulnes.fr\/wp-content\/uploads\/2014\/12\/AdiaYagHono.jpg\"><img decoding=\"async\" loading=\"lazy\" class=\"aligncenter size-medium wp-image-3095\" src=\"http:\/\/www.legrandmeaulnes.fr\/wp-content\/uploads\/2014\/12\/AdiaYagHono-168x300.jpg\" alt=\"AdiaYagHono\" width=\"168\" height=\"300\" srcset=\"https:\/\/www.legrandmeaulnes.fr\/wp-content\/uploads\/2014\/12\/AdiaYagHono-168x300.jpg 168w, https:\/\/www.legrandmeaulnes.fr\/wp-content\/uploads\/2014\/12\/AdiaYagHono.jpg 450w\" sizes=\"(max-width: 168px) 100vw, 168px\" \/><\/a><a href=\"http:\/\/www.legrandmeaulnes.fr\/wp-content\/uploads\/2014\/12\/ClasseGroupeHonorine.jpg\"><img decoding=\"async\" loading=\"lazy\" class=\"aligncenter size-medium wp-image-3096\" src=\"http:\/\/www.legrandmeaulnes.fr\/wp-content\/uploads\/2014\/12\/ClasseGroupeHonorine-300x168.jpg\" alt=\"ClasseGroupeHonorine\" width=\"300\" height=\"168\" srcset=\"https:\/\/www.legrandmeaulnes.fr\/wp-content\/uploads\/2014\/12\/ClasseGroupeHonorine-300x168.jpg 300w, https:\/\/www.legrandmeaulnes.fr\/wp-content\/uploads\/2014\/12\/ClasseGroupeHonorine-500x281.jpg 500w, https:\/\/www.legrandmeaulnes.fr\/wp-content\/uploads\/2014\/12\/ClasseGroupeHonorine.jpg 1067w\" sizes=\"(max-width: 300px) 100vw, 300px\" \/><\/a>C\u00e9cile Rullon<\/p>\n<p>J\u00e9r\u00f4me Riffault<\/p>\n","protected":false},"excerpt":{"rendered":"<p>Mardi 9 d\u00e9cembre. Honorine Bourlieux, n\u00e9e en 1921, arrive \u00e0 petits pas pour conter son<\/p>\n","protected":false},"author":9,"featured_media":0,"parent":3113,"menu_order":0,"comment_status":"closed","ping_status":"closed","template":"","meta":{"footnotes":""},"_links":{"self":[{"href":"https:\/\/www.legrandmeaulnes.fr\/index.php?rest_route=\/wp\/v2\/pages\/3101"}],"collection":[{"href":"https:\/\/www.legrandmeaulnes.fr\/index.php?rest_route=\/wp\/v2\/pages"}],"about":[{"href":"https:\/\/www.legrandmeaulnes.fr\/index.php?rest_route=\/wp\/v2\/types\/page"}],"author":[{"embeddable":true,"href":"https:\/\/www.legrandmeaulnes.fr\/index.php?rest_route=\/wp\/v2\/users\/9"}],"replies":[{"embeddable":true,"href":"https:\/\/www.legrandmeaulnes.fr\/index.php?rest_route=%2Fwp%2Fv2%2Fcomments&post=3101"}],"version-history":[{"count":3,"href":"https:\/\/www.legrandmeaulnes.fr\/index.php?rest_route=\/wp\/v2\/pages\/3101\/revisions"}],"predecessor-version":[{"id":3106,"href":"https:\/\/www.legrandmeaulnes.fr\/index.php?rest_route=\/wp\/v2\/pages\/3101\/revisions\/3106"}],"up":[{"embeddable":true,"href":"https:\/\/www.legrandmeaulnes.fr\/index.php?rest_route=\/wp\/v2\/pages\/3113"}],"wp:attachment":[{"href":"https:\/\/www.legrandmeaulnes.fr\/index.php?rest_route=%2Fwp%2Fv2%2Fmedia&parent=3101"}],"curies":[{"name":"wp","href":"https:\/\/api.w.org\/{rel}","templated":true}]}}