{"id":3109,"date":"2015-01-03T16:08:32","date_gmt":"2015-01-03T16:08:32","guid":{"rendered":"http:\/\/www.legrandmeaulnes.fr\/?page_id=3109"},"modified":"2015-01-03T16:15:17","modified_gmt":"2015-01-03T16:15:17","slug":"accueil-de-robert-mancion","status":"publish","type":"page","link":"https:\/\/www.legrandmeaulnes.fr\/?page_id=3109","title":{"rendered":"Accueil de Robert MANCION"},"content":{"rendered":"<p>Mardi 18 novembre, les \u00e9l\u00e8ves de la classe de troisi\u00e8me Albert CAMUS ont rencontr\u00e9 Robert MANCION, ancien combattant fran\u00e7ais de la guerre d&#8217;Alg\u00e9rie. Moment unique o\u00f9 pour la premi\u00e8re fois depuis son retour d&#8217;Alg\u00e9rie en 1962, Robert MANCION a partag\u00e9 ses souvenirs. <img decoding=\"async\" loading=\"lazy\" class=\"aligncenter wp-image-3017 size-medium\" src=\"http:\/\/www.legrandmeaulnes.fr\/wp-content\/uploads\/2014\/11\/RobertFlouPapier2-168x300.jpg\" alt=\"RobertFlouPapier2\" width=\"168\" height=\"300\" srcset=\"https:\/\/www.legrandmeaulnes.fr\/wp-content\/uploads\/2014\/11\/RobertFlouPapier2-168x300.jpg 168w, https:\/\/www.legrandmeaulnes.fr\/wp-content\/uploads\/2014\/11\/RobertFlouPapier2-575x1024.jpg 575w, https:\/\/www.legrandmeaulnes.fr\/wp-content\/uploads\/2014\/11\/RobertFlouPapier2.jpg 600w\" sizes=\"(max-width: 168px) 100vw, 168px\" \/>Les deux jambes qui se brisent dans la carcasse de la jeep <img decoding=\"async\" loading=\"lazy\" class=\"aligncenter wp-image-3020 size-medium\" src=\"http:\/\/www.legrandmeaulnes.fr\/wp-content\/uploads\/2014\/11\/RobertPlanLarge-300x168.jpg\" alt=\"RobertPlanLarge\" width=\"300\" height=\"168\" srcset=\"https:\/\/www.legrandmeaulnes.fr\/wp-content\/uploads\/2014\/11\/RobertPlanLarge-300x168.jpg 300w, https:\/\/www.legrandmeaulnes.fr\/wp-content\/uploads\/2014\/11\/RobertPlanLarge-1280x720.jpg 1280w, https:\/\/www.legrandmeaulnes.fr\/wp-content\/uploads\/2014\/11\/RobertPlanLarge-500x281.jpg 500w, https:\/\/www.legrandmeaulnes.fr\/wp-content\/uploads\/2014\/11\/RobertPlanLarge.jpg 1422w\" sizes=\"(max-width: 300px) 100vw, 300px\" \/>Se rappeler le moment o\u00f9 le temps s&#8217;arr\u00eate&#8230;O\u00f9 la vie d\u00e9file&#8230; Se rappeler les mois \u00e0 attendre que le corps se recolle&#8230; <img decoding=\"async\" loading=\"lazy\" class=\"aligncenter wp-image-3021 size-medium\" src=\"http:\/\/www.legrandmeaulnes.fr\/wp-content\/uploads\/2014\/11\/Robert10-300x206.jpg\" alt=\"Robert10\" width=\"300\" height=\"206\" srcset=\"https:\/\/www.legrandmeaulnes.fr\/wp-content\/uploads\/2014\/11\/Robert10-300x206.jpg 300w, https:\/\/www.legrandmeaulnes.fr\/wp-content\/uploads\/2014\/11\/Robert10-1280x881.jpg 1280w, https:\/\/www.legrandmeaulnes.fr\/wp-content\/uploads\/2014\/11\/Robert10-435x300.jpg 435w, https:\/\/www.legrandmeaulnes.fr\/wp-content\/uploads\/2014\/11\/Robert10.jpg 1400w\" sizes=\"(max-width: 300px) 100vw, 300px\" \/>Se rappeler&#8230; Oser le dire&#8230; <a><img decoding=\"async\" loading=\"lazy\" class=\"aligncenter wp-image-3022 size-medium\" src=\"http:\/\/www.legrandmeaulnes.fr\/wp-content\/uploads\/2014\/11\/ClasseRobert-300x168.jpg\" alt=\"ClasseRobert\" width=\"300\" height=\"168\" srcset=\"https:\/\/www.legrandmeaulnes.fr\/wp-content\/uploads\/2014\/11\/ClasseRobert-300x168.jpg 300w, https:\/\/www.legrandmeaulnes.fr\/wp-content\/uploads\/2014\/11\/ClasseRobert-500x281.jpg 500w, https:\/\/www.legrandmeaulnes.fr\/wp-content\/uploads\/2014\/11\/ClasseRobert.jpg 800w\" sizes=\"(max-width: 300px) 100vw, 300px\" \/><\/a> Dans trois semaines, un nouveau t\u00e9moin, Mme BOURLIEUX, n\u00e9e en Alg\u00e9rie, elle aussi t\u00e9moin des douleurs des deux peuples.<\/p>\n<p>C\u00e9cile RULLON<br \/>\nJ\u00e9r\u00f4me RIFFAULT<\/p>\n","protected":false},"excerpt":{"rendered":"<p>Mardi 18 novembre, les \u00e9l\u00e8ves de la classe de troisi\u00e8me Albert CAMUS ont rencontr\u00e9 Robert<\/p>\n","protected":false},"author":9,"featured_media":0,"parent":3113,"menu_order":0,"comment_status":"closed","ping_status":"closed","template":"","meta":{"footnotes":""},"_links":{"self":[{"href":"https:\/\/www.legrandmeaulnes.fr\/index.php?rest_route=\/wp\/v2\/pages\/3109"}],"collection":[{"href":"https:\/\/www.legrandmeaulnes.fr\/index.php?rest_route=\/wp\/v2\/pages"}],"about":[{"href":"https:\/\/www.legrandmeaulnes.fr\/index.php?rest_route=\/wp\/v2\/types\/page"}],"author":[{"embeddable":true,"href":"https:\/\/www.legrandmeaulnes.fr\/index.php?rest_route=\/wp\/v2\/users\/9"}],"replies":[{"embeddable":true,"href":"https:\/\/www.legrandmeaulnes.fr\/index.php?rest_route=%2Fwp%2Fv2%2Fcomments&post=3109"}],"version-history":[{"count":1,"href":"https:\/\/www.legrandmeaulnes.fr\/index.php?rest_route=\/wp\/v2\/pages\/3109\/revisions"}],"predecessor-version":[{"id":3110,"href":"https:\/\/www.legrandmeaulnes.fr\/index.php?rest_route=\/wp\/v2\/pages\/3109\/revisions\/3110"}],"up":[{"embeddable":true,"href":"https:\/\/www.legrandmeaulnes.fr\/index.php?rest_route=\/wp\/v2\/pages\/3113"}],"wp:attachment":[{"href":"https:\/\/www.legrandmeaulnes.fr\/index.php?rest_route=%2Fwp%2Fv2%2Fmedia&parent=3109"}],"curies":[{"name":"wp","href":"https:\/\/api.w.org\/{rel}","templated":true}]}}