{"id":5732,"date":"2023-01-24T10:09:52","date_gmt":"2023-01-24T10:09:52","guid":{"rendered":"https:\/\/www.legrandmeaulnes.fr\/?page_id=5732"},"modified":"2024-10-09T07:38:27","modified_gmt":"2024-10-09T07:38:27","slug":"aide-aux-eleves","status":"publish","type":"page","link":"https:\/\/www.legrandmeaulnes.fr\/?page_id=5732","title":{"rendered":"Dispositifs d&#8217;aide aux \u00e9l\u00e8ves (en construction)"},"content":{"rendered":"\n<p>Des dispositifs de soutien scolaire sont propos\u00e9s aux \u00e9l\u00e8ves du coll\u00e8ge.<\/p>\n\n\n\n<p><strong>Le BAR (Bureau d&#8217;Aide Rapide) :<\/strong> destin\u00e9 aux \u00e9l\u00e8ves de 4\u00e8me et 3\u00e8me, ce dispositif est propos\u00e9 sur la pause m\u00e9ridienne le jeudi. Des professeur.e.s accueillent les \u00e9l\u00e8ves pour une aide ponctuelle.<\/p>\n\n\n\n<figure class=\"wp-block-image size-large\"><img decoding=\"async\" loading=\"lazy\" width=\"346\" height=\"500\" src=\"https:\/\/www.legrandmeaulnes.fr\/wp-content\/uploads\/2023\/01\/1674564116889-346x500.jpg\" alt=\"\" class=\"wp-image-5746\" srcset=\"https:\/\/www.legrandmeaulnes.fr\/wp-content\/uploads\/2023\/01\/1674564116889-346x500.jpg 346w, https:\/\/www.legrandmeaulnes.fr\/wp-content\/uploads\/2023\/01\/1674564116889-138x200.jpg 138w, https:\/\/www.legrandmeaulnes.fr\/wp-content\/uploads\/2023\/01\/1674564116889-768x1110.jpg 768w, https:\/\/www.legrandmeaulnes.fr\/wp-content\/uploads\/2023\/01\/1674564116889-1062x1536.jpg 1062w, https:\/\/www.legrandmeaulnes.fr\/wp-content\/uploads\/2023\/01\/1674564116889-1417x2048.jpg 1417w, https:\/\/www.legrandmeaulnes.fr\/wp-content\/uploads\/2023\/01\/1674564116889-scaled.jpg 1771w\" sizes=\"(max-width: 346px) 100vw, 346px\" \/><\/figure>\n\n\n\n<p><\/p>\n\n\n\n<p><\/p>\n\n\n\n<p><\/p>\n\n\n\n<p><\/p>\n\n\n\n<p><\/p>\n","protected":false},"excerpt":{"rendered":"<p>Des dispositifs de soutien scolaire sont propos\u00e9s aux \u00e9l\u00e8ves du coll\u00e8ge. Le BAR (Bureau d&#8217;Aide<\/p>\n","protected":false},"author":9,"featured_media":0,"parent":0,"menu_order":0,"comment_status":"closed","ping_status":"closed","template":"","meta":{"footnotes":""},"_links":{"self":[{"href":"https:\/\/www.legrandmeaulnes.fr\/index.php?rest_route=\/wp\/v2\/pages\/5732"}],"collection":[{"href":"https:\/\/www.legrandmeaulnes.fr\/index.php?rest_route=\/wp\/v2\/pages"}],"about":[{"href":"https:\/\/www.legrandmeaulnes.fr\/index.php?rest_route=\/wp\/v2\/types\/page"}],"author":[{"embeddable":true,"href":"https:\/\/www.legrandmeaulnes.fr\/index.php?rest_route=\/wp\/v2\/users\/9"}],"replies":[{"embeddable":true,"href":"https:\/\/www.legrandmeaulnes.fr\/index.php?rest_route=%2Fwp%2Fv2%2Fcomments&post=5732"}],"version-history":[{"count":12,"href":"https:\/\/www.legrandmeaulnes.fr\/index.php?rest_route=\/wp\/v2\/pages\/5732\/revisions"}],"predecessor-version":[{"id":6234,"href":"https:\/\/www.legrandmeaulnes.fr\/index.php?rest_route=\/wp\/v2\/pages\/5732\/revisions\/6234"}],"wp:attachment":[{"href":"https:\/\/www.legrandmeaulnes.fr\/index.php?rest_route=%2Fwp%2Fv2%2Fmedia&parent=5732"}],"curies":[{"name":"wp","href":"https:\/\/api.w.org\/{rel}","templated":true}]}}