{"id":5761,"date":"2023-01-24T13:16:29","date_gmt":"2023-01-24T13:16:29","guid":{"rendered":"https:\/\/www.legrandmeaulnes.fr\/?page_id=5761"},"modified":"2023-01-24T13:16:31","modified_gmt":"2023-01-24T13:16:31","slug":"le-dispositif-ulis","status":"publish","type":"page","link":"https:\/\/www.legrandmeaulnes.fr\/?page_id=5761","title":{"rendered":"Le dispositif ULIS"},"content":{"rendered":"\n<p>Le dispositif ULIS du coll\u00e8ge accueille dans un cadre bienveillant des \u00e9l\u00e8ves en situation de handicap entendants et Sourds qui ont des difficult\u00e9s pour apprendre, pour m\u00e9moriser. Une salle color\u00e9e et spacieuse leur est r\u00e9serv\u00e9e. Tous les \u00e9l\u00e8ves du dispositif sont inclus dans les classes de la sixi\u00e8me \u00e0 la troisi\u00e8me en fonction de leur \u00e2ge. Ils participent donc \u00e0 toutes les activit\u00e9s misent en place avec leur classe \u00ab de r\u00e9f\u00e9rence \u00bb.<\/p>\n\n\n\n<p>Au sein de l\u2019\u00e9tablissement la pr\u00e9sence du dispositif ULIS permet \u00e0 chacun d\u2019\u00eatre sensibilis\u00e9 \u00e0 la diff\u00e9rence et au handicap. C\u2019est un premier pas vers le vivre ensemble.<\/p>\n\n\n\n<p>Le professeur r\u00e9f\u00e9rent du dispositif est M. Renaudat.<\/p>\n","protected":false},"excerpt":{"rendered":"<p>Le dispositif ULIS du coll\u00e8ge accueille dans un cadre bienveillant des \u00e9l\u00e8ves en situation de<\/p>\n","protected":false},"author":9,"featured_media":0,"parent":0,"menu_order":0,"comment_status":"closed","ping_status":"closed","template":"","meta":{"footnotes":""},"_links":{"self":[{"href":"https:\/\/www.legrandmeaulnes.fr\/index.php?rest_route=\/wp\/v2\/pages\/5761"}],"collection":[{"href":"https:\/\/www.legrandmeaulnes.fr\/index.php?rest_route=\/wp\/v2\/pages"}],"about":[{"href":"https:\/\/www.legrandmeaulnes.fr\/index.php?rest_route=\/wp\/v2\/types\/page"}],"author":[{"embeddable":true,"href":"https:\/\/www.legrandmeaulnes.fr\/index.php?rest_route=\/wp\/v2\/users\/9"}],"replies":[{"embeddable":true,"href":"https:\/\/www.legrandmeaulnes.fr\/index.php?rest_route=%2Fwp%2Fv2%2Fcomments&post=5761"}],"version-history":[{"count":1,"href":"https:\/\/www.legrandmeaulnes.fr\/index.php?rest_route=\/wp\/v2\/pages\/5761\/revisions"}],"predecessor-version":[{"id":5762,"href":"https:\/\/www.legrandmeaulnes.fr\/index.php?rest_route=\/wp\/v2\/pages\/5761\/revisions\/5762"}],"wp:attachment":[{"href":"https:\/\/www.legrandmeaulnes.fr\/index.php?rest_route=%2Fwp%2Fv2%2Fmedia&parent=5761"}],"curies":[{"name":"wp","href":"https:\/\/api.w.org\/{rel}","templated":true}]}}