{"id":85,"date":"2011-09-25T16:24:03","date_gmt":"2011-09-25T16:24:03","guid":{"rendered":"http:\/\/www.legrandmeaulnes.fr\/?page_id=85"},"modified":"2023-01-24T08:52:23","modified_gmt":"2023-01-24T08:52:23","slug":"f-s-e","status":"publish","type":"page","link":"https:\/\/www.legrandmeaulnes.fr\/?page_id=85","title":{"rendered":"F.S.E."},"content":{"rendered":"<p style=\"text-align: center;\">Le foyer socio-\u00e9ducatif\u00a0est une association d&#8217;\u00e9l\u00e8ves,<\/p>\n<p style=\"text-align: center;\">de parents d&#8217;\u00e9l\u00e8ves et de membres du personnel du coll\u00e8ge.<\/p>\n<p>Le foyer participe \u00e0 la vie de l&#8217;\u00e9tablissement en aidant financi\u00e8rement pour les voyages, des projets, des concours organis\u00e9s par le coll\u00e8ge.<\/p>\n<p>Le foyer est ouvert aux \u00e9l\u00e8ves sur la pause m\u00e9ridienne tous les jours. Ils peuvent jouer \u00e0 des jeux de soci\u00e9t\u00e9, au billard encadr\u00e9s par un service civique.<\/p>\n","protected":false},"excerpt":{"rendered":"<p>Le foyer socio-\u00e9ducatif\u00a0est une association d&#8217;\u00e9l\u00e8ves, de parents d&#8217;\u00e9l\u00e8ves et de membres du personnel du<\/p>\n","protected":false},"author":9,"featured_media":0,"parent":63,"menu_order":2,"comment_status":"closed","ping_status":"closed","template":"","meta":{"footnotes":""},"_links":{"self":[{"href":"https:\/\/www.legrandmeaulnes.fr\/index.php?rest_route=\/wp\/v2\/pages\/85"}],"collection":[{"href":"https:\/\/www.legrandmeaulnes.fr\/index.php?rest_route=\/wp\/v2\/pages"}],"about":[{"href":"https:\/\/www.legrandmeaulnes.fr\/index.php?rest_route=\/wp\/v2\/types\/page"}],"author":[{"embeddable":true,"href":"https:\/\/www.legrandmeaulnes.fr\/index.php?rest_route=\/wp\/v2\/users\/9"}],"replies":[{"embeddable":true,"href":"https:\/\/www.legrandmeaulnes.fr\/index.php?rest_route=%2Fwp%2Fv2%2Fcomments&post=85"}],"version-history":[{"count":14,"href":"https:\/\/www.legrandmeaulnes.fr\/index.php?rest_route=\/wp\/v2\/pages\/85\/revisions"}],"predecessor-version":[{"id":5719,"href":"https:\/\/www.legrandmeaulnes.fr\/index.php?rest_route=\/wp\/v2\/pages\/85\/revisions\/5719"}],"up":[{"embeddable":true,"href":"https:\/\/www.legrandmeaulnes.fr\/index.php?rest_route=\/wp\/v2\/pages\/63"}],"wp:attachment":[{"href":"https:\/\/www.legrandmeaulnes.fr\/index.php?rest_route=%2Fwp%2Fv2%2Fmedia&parent=85"}],"curies":[{"name":"wp","href":"https:\/\/api.w.org\/{rel}","templated":true}]}}