{"id":93,"date":"2011-09-25T16:26:05","date_gmt":"2011-09-25T16:26:05","guid":{"rendered":"http:\/\/www.legrandmeaulnes.fr\/?page_id=93"},"modified":"2022-11-20T16:10:44","modified_gmt":"2022-11-20T16:10:44","slug":"mot-du-principal","status":"publish","type":"page","link":"https:\/\/www.legrandmeaulnes.fr\/?page_id=93","title":{"rendered":"Mot de la principale"},"content":{"rendered":"\n<p>Bienvenue sur le site du coll\u00e8ge Le Grand Meaulnes. Je vous invite \u00e0 le parcourir pour avoir un aper\u00e7u&nbsp; du cadre de vie agr\u00e9able et fonctionnel propice au &nbsp;bien-\u00eatre de chacun, des projets, des options et des enseignements propos\u00e9s&nbsp;:<\/p>\n\n\n\n<ol type=\"1\"><li>Bi-langue allemand\/anglais en 6<sup>\u00e8me<\/sup><\/li><li>Option fran\u00e7ais culture antique en 6<sup>\u00e8me<\/sup><\/li><li>Option latin \u00e0 partir de la 5<sup>\u00e8me<\/sup> et grec en 3<sup>\u00e8me<\/sup><\/li><li>Eloquence en 3<sup>\u00e8me<\/sup><\/li><li>Classe \u00e0 horaires am\u00e9nag\u00e9s th\u00e9\u00e2tre (6<sup>\u00e8me<\/sup>, 5<sup>\u00e8me<\/sup>, 4<sup>\u00e8me<\/sup>, R 2023 3<sup>\u00e8me<\/sup>) en partenariat avec le conservatoire<\/li><li>Atelier Ultimate<\/li><li>Chorale (participation au concours Choraliades)<\/li><li>Clubs sur la pause m\u00e9ridienne<\/li><li>Webradio<\/li><li>Cord\u00e9es de la r\u00e9ussite avec l\u2019INSA, le lyc\u00e9e J.Coeur et le lyc\u00e9e A-Fournier<\/li><\/ol>\n\n\n\n<p>Les nombreux projets culturels sont men\u00e9s en lien \u00e9troit avec les programmes pour que le coll\u00e8ge, \u00e9tape importante du parcours scolaire, soit riche de progr\u00e8s et de d\u00e9couvertes. Le respect mutuel et la tol\u00e9rance en sont une des cl\u00e9s.<\/p>\n\n\n\n<p>Tous les personnels de l\u2019\u00e9tablissement sont engag\u00e9s pour accompagner les \u00e9l\u00e8ves et coop\u00e9rer avec les parents dans un climat de confiance favorable aux apprentissages et \u00e0 la r\u00e9ussite scolaire.<\/p>\n\n\n\n<p>Ainsi, tous les \u00e9l\u00e8ves, quelque soit leur milieu d\u2019origine et leurs histoires singuli\u00e8res, peuvent construire leur avenir et devenir les citoyens de demain, inventifs, \u00e9clair\u00e9s, \u00e9panouis et responsables.<\/p>\n\n\n\n<p>Pascale Villoutreix<br>Principale<\/p>\n","protected":false},"excerpt":{"rendered":"<p>Bienvenue sur le site du coll\u00e8ge Le Grand Meaulnes. Je vous invite \u00e0 le parcourir<\/p>\n","protected":false},"author":9,"featured_media":0,"parent":91,"menu_order":0,"comment_status":"closed","ping_status":"closed","template":"","meta":{"footnotes":""},"_links":{"self":[{"href":"https:\/\/www.legrandmeaulnes.fr\/index.php?rest_route=\/wp\/v2\/pages\/93"}],"collection":[{"href":"https:\/\/www.legrandmeaulnes.fr\/index.php?rest_route=\/wp\/v2\/pages"}],"about":[{"href":"https:\/\/www.legrandmeaulnes.fr\/index.php?rest_route=\/wp\/v2\/types\/page"}],"author":[{"embeddable":true,"href":"https:\/\/www.legrandmeaulnes.fr\/index.php?rest_route=\/wp\/v2\/users\/9"}],"replies":[{"embeddable":true,"href":"https:\/\/www.legrandmeaulnes.fr\/index.php?rest_route=%2Fwp%2Fv2%2Fcomments&post=93"}],"version-history":[{"count":13,"href":"https:\/\/www.legrandmeaulnes.fr\/index.php?rest_route=\/wp\/v2\/pages\/93\/revisions"}],"predecessor-version":[{"id":5651,"href":"https:\/\/www.legrandmeaulnes.fr\/index.php?rest_route=\/wp\/v2\/pages\/93\/revisions\/5651"}],"up":[{"embeddable":true,"href":"https:\/\/www.legrandmeaulnes.fr\/index.php?rest_route=\/wp\/v2\/pages\/91"}],"wp:attachment":[{"href":"https:\/\/www.legrandmeaulnes.fr\/index.php?rest_route=%2Fwp%2Fv2%2Fmedia&parent=93"}],"curies":[{"name":"wp","href":"https:\/\/api.w.org\/{rel}","templated":true}]}}