{"id":97,"date":"2011-09-25T16:27:25","date_gmt":"2011-09-25T16:27:25","guid":{"rendered":"http:\/\/www.legrandmeaulnes.fr\/?page_id=97"},"modified":"2011-10-17T12:42:53","modified_gmt":"2011-10-17T12:42:53","slug":"contacts","status":"publish","type":"page","link":"https:\/\/www.legrandmeaulnes.fr\/?page_id=97","title":{"rendered":"Contacts"},"content":{"rendered":"<p>Vous pouvez nous \u00e9crire au coll\u00e8ge \u00e0 l&#8217;adresse suivante :<\/p>\n<p>Coll\u00e8ge Le Grand Meaulnes<br \/>\n30 rue St\u00e9phane Mallarm\u00e9<br \/>\nB.P. 4052<br \/>\n18 028 BOURGES CEDEX<br \/>\nT\u00e9l : 02.48.70.53.88 &#8211; Fax : 02.48.24.75.29<\/p>\n<p>Vous pouvez nous envoyez un e-mail : <a href=\"mailto:ce.0180766k@ac-orleans-tours.fr\">adresse e-mail<\/a>\n<\/p>\n<p><iframe loading=\"lazy\" width=\"425\" height=\"350\" frameborder=\"0\" scrolling=\"no\" marginheight=\"0\" marginwidth=\"0\" src=\"http:\/\/maps.google.fr\/maps?hl=fr&amp;ie=UTF8&amp;q=coll%C3%A8ge+le+grand+meaulnes+bourges&amp;fb=1&amp;gl=fr&amp;hq=coll%C3%A8ge+le+grand+meaulnes&amp;hnear=0x47fa9677b89bb417:0xcbfb282ccd5c85be,Bourges&amp;cid=0,0,17100955293059303598&amp;sqi=2&amp;ll=47.099462,2.410136&amp;spn=0.006295,0.006295&amp;t=m&amp;vpsrc=6&amp;output=embed\"><\/iframe><br \/><small><a href=\"http:\/\/maps.google.fr\/maps?hl=fr&amp;ie=UTF8&amp;q=coll%C3%A8ge+le+grand+meaulnes+bourges&amp;fb=1&amp;gl=fr&amp;hq=coll%C3%A8ge+le+grand+meaulnes&amp;hnear=0x47fa9677b89bb417:0xcbfb282ccd5c85be,Bourges&amp;cid=0,0,17100955293059303598&amp;sqi=2&amp;ll=47.099462,2.410136&amp;spn=0.006295,0.006295&amp;t=m&amp;vpsrc=6&amp;source=embed\" style=\"color:#0000FF;text-align:left\">Agrandir le plan<\/a><\/small><\/p>\n","protected":false},"excerpt":{"rendered":"<p>Vous pouvez nous \u00e9crire au coll\u00e8ge \u00e0 l&#8217;adresse suivante : Coll\u00e8ge Le Grand Meaulnes 30<\/p>\n","protected":false},"author":9,"featured_media":0,"parent":95,"menu_order":0,"comment_status":"closed","ping_status":"closed","template":"sidebar-page.php","meta":{"footnotes":""},"_links":{"self":[{"href":"https:\/\/www.legrandmeaulnes.fr\/index.php?rest_route=\/wp\/v2\/pages\/97"}],"collection":[{"href":"https:\/\/www.legrandmeaulnes.fr\/index.php?rest_route=\/wp\/v2\/pages"}],"about":[{"href":"https:\/\/www.legrandmeaulnes.fr\/index.php?rest_route=\/wp\/v2\/types\/page"}],"author":[{"embeddable":true,"href":"https:\/\/www.legrandmeaulnes.fr\/index.php?rest_route=\/wp\/v2\/users\/9"}],"replies":[{"embeddable":true,"href":"https:\/\/www.legrandmeaulnes.fr\/index.php?rest_route=%2Fwp%2Fv2%2Fcomments&post=97"}],"version-history":[{"count":8,"href":"https:\/\/www.legrandmeaulnes.fr\/index.php?rest_route=\/wp\/v2\/pages\/97\/revisions"}],"predecessor-version":[{"id":1726,"href":"https:\/\/www.legrandmeaulnes.fr\/index.php?rest_route=\/wp\/v2\/pages\/97\/revisions\/1726"}],"up":[{"embeddable":true,"href":"https:\/\/www.legrandmeaulnes.fr\/index.php?rest_route=\/wp\/v2\/pages\/95"}],"wp:attachment":[{"href":"https:\/\/www.legrandmeaulnes.fr\/index.php?rest_route=%2Fwp%2Fv2%2Fmedia&parent=97"}],"curies":[{"name":"wp","href":"https:\/\/api.w.org\/{rel}","templated":true}]}}